{"id":626,"date":"2023-06-09T03:56:51","date_gmt":"2023-06-09T03:56:51","guid":{"rendered":"https:\/\/hand-surgerymontreal.com\/dr-zadeh\/"},"modified":"2023-09-15T18:53:49","modified_gmt":"2023-09-15T18:53:49","slug":"dr-zadeh","status":"publish","type":"page","link":"https:\/\/hand-surgerymontreal.com\/fr\/dr-zadeh\/","title":{"rendered":"Dr. Zadeh"},"content":{"rendered":"<p>[et_pb_section fb_built=\u00a0\u00bb1&Prime; _builder_version=\u00a0\u00bb4.21.0&Prime; _module_preset=\u00a0\u00bbdefault\u00a0\u00bb background_color=\u00a0\u00bbRGBA(255,255,255,0)\u00a0\u00bb custom_padding=\u00a0\u00bb||0px||false|false\u00a0\u00bb locked=\u00a0\u00bboff\u00a0\u00bb global_colors_info=\u00a0\u00bb{}\u00a0\u00bb][et_pb_row custom_padding_last_edited=\u00a0\u00bbon|phone\u00a0\u00bb _builder_version=\u00a0\u00bb4.17.4&Prime; _module_preset=\u00a0\u00bbdefault\u00a0\u00bb custom_padding=\u00a0\u00bb0px||40px||false|false\u00a0\u00bb custom_padding_tablet=\u00a0\u00bb0px||40px||false|false\u00a0\u00bb custom_padding_phone=\u00a0\u00bb0px||30px||false|false\u00a0\u00bb border_width_bottom=\u00a0\u00bb1px\u00a0\u00bb border_color_bottom=\u00a0\u00bbgcid-d72333c4-2dcd-44de-8826-8dfc2c15db04&Prime; global_colors_info=\u00a0\u00bb{%22gcid-d72333c4-2dcd-44de-8826-8dfc2c15db04%22:%91%22border_color_bottom%22%93}\u00a0\u00bb][et_pb_column type=\u00a0\u00bb4_4&Prime; _builder_version=\u00a0\u00bb4.16&Prime; _module_preset=\u00a0\u00bbdefault\u00a0\u00bb global_colors_info=\u00a0\u00bb{}\u00a0\u00bb][et_pb_text _builder_version=\u00a0\u00bb4.21.0&Prime; _module_preset=\u00a0\u00bbdefault\u00a0\u00bb header_2_font=\u00a0\u00bb|200|||||||\u00a0\u00bb header_2_font_size=\u00a0\u00bb52px\u00a0\u00bb header_2_letter_spacing=\u00a0\u00bb2px\u00a0\u00bb custom_margin=\u00a0\u00bb||10px||false|false\u00a0\u00bb header_2_font_size_tablet=\u00a0\u00bb48px\u00a0\u00bb header_2_font_size_phone=\u00a0\u00bb24px\u00a0\u00bb header_2_font_size_last_edited=\u00a0\u00bbon|phone\u00a0\u00bb global_colors_info=\u00a0\u00bb{}\u00a0\u00bb]<\/p>\n<h2>\u00c0 propos du Dr Zadeh<\/h2>\n<p>[\/et_pb_text][\/et_pb_column][\/et_pb_row][\/et_pb_section][et_pb_section fb_built=\u00a0\u00bb1&Prime; custom_padding_last_edited=\u00a0\u00bboff|desktop\u00a0\u00bb _builder_version=\u00a0\u00bb4.21.0&Prime; _module_preset=\u00a0\u00bbdefault\u00a0\u00bb min_height_last_edited=\u00a0\u00bboff|desktop\u00a0\u00bb custom_margin_tablet=\u00a0\u00bb0px||||false|false\u00a0\u00bb custom_margin_phone=\u00a0\u00bb0px||||false|false\u00a0\u00bb custom_margin_last_edited=\u00a0\u00bboff|desktop\u00a0\u00bb custom_padding=\u00a0\u00bb||0px||false|false\u00a0\u00bb custom_padding_tablet=\u00a0\u00bb0px||||false|false\u00a0\u00bb custom_padding_phone=\u00a0\u00bb0px||||false|false\u00a0\u00bb locked=\u00a0\u00bboff\u00a0\u00bb global_colors_info=\u00a0\u00bb{}\u00a0\u00bb][et_pb_row column_structure=\u00a0\u00bb1_2,1_2&Prime; custom_padding_last_edited=\u00a0\u00bbon|phone\u00a0\u00bb _builder_version=\u00a0\u00bb4.17.4&Prime; _module_preset=\u00a0\u00bbdefault\u00a0\u00bb custom_padding_tablet=\u00a0\u00bb\u00a0\u00bb custom_padding_phone=\u00a0\u00bb0px||||false|false\u00a0\u00bb global_colors_info=\u00a0\u00bb{}\u00a0\u00bb][et_pb_column type=\u00a0\u00bb1_2&Prime; _builder_version=\u00a0\u00bb4.16&Prime; _module_preset=\u00a0\u00bbdefault\u00a0\u00bb background_enable_image=\u00a0\u00bboff\u00a0\u00bb global_colors_info=\u00a0\u00bb{}\u00a0\u00bb][et_pb_image src=\u00a0\u00bbhttps:\/\/hand-surgerymontreal.com\/wp-content\/uploads\/2023\/06\/Dr-zadeh-Image.jpg\u00a0\u00bb title_text=\u00a0\u00bbDr-zadeh Image\u00a0\u00bb _builder_version=\u00a0\u00bb4.21.0&Prime; _module_preset=\u00a0\u00bbdefault\u00a0\u00bb global_colors_info=\u00a0\u00bb{}\u00a0\u00bb][\/et_pb_image][et_pb_button button_url=\u00a0\u00bb@ET-DC@eyJkeW5hbWljIjp0cnVlLCJjb250ZW50IjoicG9zdF9saW5rX3VybF9wYWdlIiwic2V0dGluZ3MiOnsicG9zdF9pZCI6IjE0NyJ9fQ==@\u00a0\u00bb button_text=\u00a0\u00bbR\u00e9server une consultation\u00a0\u00bb button_alignment=\u00a0\u00bbcenter\u00a0\u00bb _builder_version=\u00a0\u00bb4.21.0&Prime; _dynamic_attributes=\u00a0\u00bbbutton_url\u00a0\u00bb _module_preset=\u00a0\u00bbdefault\u00a0\u00bb global_colors_info=\u00a0\u00bb{}\u00a0\u00bb][\/et_pb_button][\/et_pb_column][et_pb_column type=\u00a0\u00bb1_2&Prime; _builder_version=\u00a0\u00bb4.16&Prime; _module_preset=\u00a0\u00bbdefault\u00a0\u00bb global_colors_info=\u00a0\u00bb{}\u00a0\u00bb][et_pb_text module_class=\u00a0\u00bbborn-paragraph\u00a0\u00bb _builder_version=\u00a0\u00bb4.21.0&Prime; _module_preset=\u00a0\u00bbdefault\u00a0\u00bb min_height=\u00a0\u00bb59.4px\u00a0\u00bb global_colors_info=\u00a0\u00bb{}\u00a0\u00bb]<\/p>\n<p>N\u00e9 \u00e0 T\u00e9h\u00e9ran, en Iran, le Dr Teanoosh Zadeh a d&rsquo;abord pass\u00e9 sa jeunesse en Angleterre avant d&rsquo;\u00e9migrer avec ses parents au Qu\u00e9bec.<\/p>\n<p>[\/et_pb_text][et_pb_text _builder_version=\u00a0\u00bb4.21.0&Prime; _module_preset=\u00a0\u00bbdefault\u00a0\u00bb custom_margin=\u00a0\u00bb18px||||false|false\u00a0\u00bb custom_padding=\u00a0\u00bb0px|||||\u00a0\u00bb global_colors_info=\u00a0\u00bb{}\u00a0\u00bb]<\/p>\n<h2>Formation chirurgicale<\/h2>\n<p>[\/et_pb_text][et_pb_text _builder_version=\u00a0\u00bb4.21.0&Prime; _module_preset=\u00a0\u00bbdefault\u00a0\u00bb global_colors_info=\u00a0\u00bb{}\u00a0\u00bb]<\/p>\n<p>Il a ensuite termin\u00e9 ses \u00e9tudes de m\u00e9decine \u00e0 l&rsquo;Universit\u00e9 Laval, \u00e0 Qu\u00e9bec. \u00c0 l&rsquo;\u00e2ge de 21 ans, il est devenu m\u00e9decin. Par la suite, le Dr Zadeh a effectu\u00e9 un internat en chirurgie g\u00e9n\u00e9rale puis en chirurgie plastique \u00e0 l&rsquo;Universit\u00e9 McGill de Montr\u00e9al, au Canada.<\/p>\n<p>Le Dr Zadeh est certifi\u00e9 en <strong>chirurgie g\u00e9n\u00e9rale et en chirurgie plastique<\/strong> par le Coll\u00e8ge royal des m\u00e9decins et chirurgiens du Canada.<\/p>\n<p>Le docteur Zadeh a suivi une formation en <strong>microchirurgie de la main et de la reconstruction<\/strong> \u00e0 l&rsquo;universit\u00e9 du Wisconsin, \u00e0 Milwaukee.<\/p>\n<p>Le Dr Zadeh est retourn\u00e9 \u00e0 Montr\u00e9al, au Canada, o\u00f9 il a travaill\u00e9 au Centre de sant\u00e9 de l&rsquo;Universit\u00e9 McGill en tant que <strong>microchirurgien de la main et de la reconstruction.<\/strong><\/p>\n<p>[\/et_pb_text][et_pb_text _builder_version=\u00a0\u00bb4.21.0&Prime; _module_preset=\u00a0\u00bbdefault\u00a0\u00bb custom_margin=\u00a0\u00bb40px||||false|false\u00a0\u00bb global_colors_info=\u00a0\u00bb{}\u00a0\u00bb]<\/p>\n<h3>Leader, innovateur et \u00e9ducateur dans le domaine de la chirurgie de la main<\/h3>\n<p>[\/et_pb_text][et_pb_text _builder_version=\u00a0\u00bb4.21.0&Prime; _module_preset=\u00a0\u00bbdefault\u00a0\u00bb locked=\u00a0\u00bboff\u00a0\u00bb global_colors_info=\u00a0\u00bb{}\u00a0\u00bb]<\/p>\n<p>Certifi\u00e9 comme microchirurgien de la main et de la reconstruction, le Dr Zadeh a consacr\u00e9 plus de 25 ans de sa carri\u00e8re \u00e0 la chirurgie de la main. Il \u00e9tait le chirurgien principal de la main au Centre de sant\u00e9 de l&rsquo;Universit\u00e9 McGill de 1996-2023, ainsi qu&rsquo;un membre principal du Programme de r\u00e9implantation du Qu\u00e9bec.<\/p>\n<p>Chaque ann\u00e9e, des chirurgiens plasticiens nouvellement dipl\u00f4m\u00e9s du monde entier \u00e9taient form\u00e9s gr\u00e2ce \u00e0 l&rsquo;expertise du Dr Zadeh. Gr\u00e2ce \u00e0 son art et \u00e0 son exp\u00e9rience, le Dr Zadeh donne des conf\u00e9rences lors de r\u00e9unions nationales et internationales \u00e0 l&rsquo;intention de ses pairs et des futurs chirurgiens plasticiens. Le Dr Zadeh a publi\u00e9 de nombreux articles dans les revues de chirurgie plastique les plus prestigieuses.<\/p>\n<p>Le docteur Zadeh poursuit sans rel\u00e2che l&rsquo;excellence en mati\u00e8re de chirurgie de la main. Il prend en charge certaines des <strong>chirurgies reconstructives de la main les plus difficiles<\/strong>, qui requi\u00e8rent un large \u00e9ventail de comp\u00e9tences et de techniques.<\/p>\n<p>[\/et_pb_text][\/et_pb_column][\/et_pb_row][et_pb_row custom_padding_last_edited=\u00a0\u00bboff|desktop\u00a0\u00bb _builder_version=\u00a0\u00bb4.21.0&Prime; _module_preset=\u00a0\u00bbdefault\u00a0\u00bb custom_margin=\u00a0\u00bb60px||||false|false\u00a0\u00bb custom_padding=\u00a0\u00bb||0px||false|false\u00a0\u00bb custom_padding_phone=\u00a0\u00bb0px||||false|false\u00a0\u00bb global_colors_info=\u00a0\u00bb{}\u00a0\u00bb][et_pb_column type=\u00a0\u00bb4_4&Prime; _builder_version=\u00a0\u00bb4.16&Prime; _module_preset=\u00a0\u00bbdefault\u00a0\u00bb global_colors_info=\u00a0\u00bb{}\u00a0\u00bb][et_pb_text _builder_version=\u00a0\u00bb4.21.0&Prime; _module_preset=\u00a0\u00bbdefault\u00a0\u00bb header_2_font_size=\u00a0\u00bb52px\u00a0\u00bb header_4_text_color=\u00a0\u00bb#444444&Prime; header_4_font_size=\u00a0\u00bb24px\u00a0\u00bb header_4_letter_spacing=\u00a0\u00bb1px\u00a0\u00bb min_height=\u00a0\u00bb41px\u00a0\u00bb custom_margin=\u00a0\u00bb-80px||10px||false|false\u00a0\u00bb custom_padding=\u00a0\u00bb||||false|false\u00a0\u00bb header_2_font_size_tablet=\u00a0\u00bb48px\u00a0\u00bb header_2_font_size_phone=\u00a0\u00bb34px\u00a0\u00bb header_2_font_size_last_edited=\u00a0\u00bbon|phone\u00a0\u00bb header_4_text_align_tablet=\u00a0\u00bb\u00a0\u00bb header_4_text_align_phone=\u00a0\u00bbcenter\u00a0\u00bb header_4_text_align_last_edited=\u00a0\u00bbon|phone\u00a0\u00bb header_4_font_size_tablet=\u00a0\u00bb24px\u00a0\u00bb header_4_font_size_phone=\u00a0\u00bb20px\u00a0\u00bb header_4_font_size_last_edited=\u00a0\u00bbon|phone\u00a0\u00bb header_4_line_height_tablet=\u00a0\u00bb\u00a0\u00bb header_4_line_height_phone=\u00a0\u00bb1.3em\u00a0\u00bb header_4_line_height_last_edited=\u00a0\u00bbon|phone\u00a0\u00bb locked=\u00a0\u00bboff\u00a0\u00bb global_colors_info=\u00a0\u00bb{}\u00a0\u00bb]<\/p>\n<h2>Des r\u00e9f\u00e9rences qui font de lui l&rsquo;un des meilleurs chirurgiens de sa profession<\/h2>\n<p>[\/et_pb_text][\/et_pb_column][\/et_pb_row][\/et_pb_section][et_pb_section fb_built=\u00a0\u00bb1&Prime; _builder_version=\u00a0\u00bb4.21.0&Prime; _module_preset=\u00a0\u00bbdefault\u00a0\u00bb background_color=\u00a0\u00bb#88C4DD\u00a0\u00bb custom_margin_tablet=\u00a0\u00bb\u00a0\u00bb custom_margin_phone=\u00a0\u00bb150px||||false|false\u00a0\u00bb custom_margin_last_edited=\u00a0\u00bbon|phone\u00a0\u00bb custom_padding=\u00a0\u00bb22px||||false|false\u00a0\u00bb border_color_top=\u00a0\u00bb#eeeeee\u00a0\u00bb locked=\u00a0\u00bboff\u00a0\u00bb global_colors_info=\u00a0\u00bb{}\u00a0\u00bb][et_pb_row column_structure=\u00a0\u00bb1_4,1_4,1_4,1_4&Prime; use_custom_gutter=\u00a0\u00bbon\u00a0\u00bb gutter_width=\u00a0\u00bb2&Prime; custom_padding_last_edited=\u00a0\u00bbon|phone\u00a0\u00bb module_class=\u00a0\u00bbWork-excp-row\u00a0\u00bb _builder_version=\u00a0\u00bb4.21.0&Prime; _module_preset=\u00a0\u00bbdefault\u00a0\u00bb custom_padding_tablet=\u00a0\u00bb\u00a0\u00bb custom_padding_phone=\u00a0\u00bb0px||||false|false\u00a0\u00bb hover_enabled=\u00a0\u00bb0&Prime; global_colors_info=\u00a0\u00bb{}\u00a0\u00bb sticky_enabled=\u00a0\u00bb0&Prime;][et_pb_column type=\u00a0\u00bb1_4&Prime; _builder_version=\u00a0\u00bb4.21.0&Prime; _module_preset=\u00a0\u00bbdefault\u00a0\u00bb background_color=\u00a0\u00bb#FFFFFF\u00a0\u00bb custom_padding=\u00a0\u00bb35px|20px|35px|20px|true|true\u00a0\u00bb hover_enabled=\u00a0\u00bb0&Prime; box_shadow_style=\u00a0\u00bbpreset2&Prime; box_shadow_color=\u00a0\u00bbrgba(0,0,0,0.1)\u00a0\u00bb global_colors_info=\u00a0\u00bb{}\u00a0\u00bb sticky_enabled=\u00a0\u00bb0&Prime;][et_pb_text _builder_version=\u00a0\u00bb4.21.0&Prime; _module_preset=\u00a0\u00bbdefault\u00a0\u00bb global_colors_info=\u00a0\u00bb{}\u00a0\u00bb]<\/p>\n<p>Membre de la Soci\u00e9t\u00e9 De Chirurgie Plastique du Qu\u00e9bec<\/p>\n<p>[\/et_pb_text][\/et_pb_column][et_pb_column type=\u00a0\u00bb1_4&Prime; _builder_version=\u00a0\u00bb4.20.0&Prime; _module_preset=\u00a0\u00bbdefault\u00a0\u00bb global_colors_info=\u00a0\u00bb{}\u00a0\u00bb][et_pb_accordion _builder_version=\u00a0\u00bb4.21.0&Prime; _module_preset=\u00a0\u00bbdefault\u00a0\u00bb global_colors_info=\u00a0\u00bb{}\u00a0\u00bb][et_pb_accordion_item open=\u00a0\u00bbon\u00a0\u00bb _builder_version=\u00a0\u00bb4.21.0&Prime; _module_preset=\u00a0\u00bbdefault\u00a0\u00bb global_colors_info=\u00a0\u00bb{}\u00a0\u00bb]<\/p>\n<p>Membre du Coll\u00e8ge Royal des M\u00e9decins et Chirurgiens du Canada<\/p>\n<p>[\/et_pb_accordion_item][\/et_pb_accordion][\/et_pb_column][et_pb_column type=\u00a0\u00bb1_4&Prime; _builder_version=\u00a0\u00bb4.16&Prime; _module_preset=\u00a0\u00bbdefault\u00a0\u00bb background_color=\u00a0\u00bb#FFFFFF\u00a0\u00bb custom_padding=\u00a0\u00bb35px|20px|35px|20px|true|true\u00a0\u00bb box_shadow_style=\u00a0\u00bbpreset2&Prime; box_shadow_color=\u00a0\u00bbrgba(0,0,0,0.1)\u00a0\u00bb global_colors_info=\u00a0\u00bb{}\u00a0\u00bb][et_pb_blurb icon_placement=\u00a0\u00bbleft\u00a0\u00bb _builder_version=\u00a0\u00bb4.21.0&Prime; _module_preset=\u00a0\u00bbdefault\u00a0\u00bb header_font_size=\u00a0\u00bb20px\u00a0\u00bb body_font_size=\u00a0\u00bb16px\u00a0\u00bb header_text_align_tablet=\u00a0\u00bb\u00a0\u00bb header_text_align_phone=\u00a0\u00bbcenter\u00a0\u00bb header_text_align_last_edited=\u00a0\u00bbon|phone\u00a0\u00bb header_font_size_tablet=\u00a0\u00bb20px\u00a0\u00bb header_font_size_phone=\u00a0\u00bb18px\u00a0\u00bb header_font_size_last_edited=\u00a0\u00bbon|phone\u00a0\u00bb body_text_align_tablet=\u00a0\u00bb\u00a0\u00bb body_text_align_phone=\u00a0\u00bbcenter\u00a0\u00bb body_text_align_last_edited=\u00a0\u00bbon|phone\u00a0\u00bb global_colors_info=\u00a0\u00bb{}\u00a0\u00bb]<\/p>\n<p>Membre de la Soci\u00e9t\u00e9 Canadienne de Chirurgie Plastique<\/p>\n<p>[\/et_pb_blurb][\/et_pb_column][et_pb_column type=\u00a0\u00bb1_4&Prime; _builder_version=\u00a0\u00bb4.16&Prime; _module_preset=\u00a0\u00bbdefault\u00a0\u00bb background_color=\u00a0\u00bb#FFFFFF\u00a0\u00bb custom_padding=\u00a0\u00bb35px|20px|35px|20px|true|true\u00a0\u00bb box_shadow_style=\u00a0\u00bbpreset2&Prime; box_shadow_color=\u00a0\u00bbrgba(0,0,0,0.1)\u00a0\u00bb global_colors_info=\u00a0\u00bb{}\u00a0\u00bb][et_pb_blurb icon_placement=\u00a0\u00bbleft\u00a0\u00bb _builder_version=\u00a0\u00bb4.21.0&Prime; _module_preset=\u00a0\u00bbdefault\u00a0\u00bb header_font_size=\u00a0\u00bb20px\u00a0\u00bb body_font_size=\u00a0\u00bb16px\u00a0\u00bb hover_enabled=\u00a0\u00bb0&Prime; header_text_align_tablet=\u00a0\u00bb\u00a0\u00bb header_text_align_phone=\u00a0\u00bbcenter\u00a0\u00bb header_text_align_last_edited=\u00a0\u00bbon|phone\u00a0\u00bb header_font_size_tablet=\u00a0\u00bb20px\u00a0\u00bb header_font_size_phone=\u00a0\u00bb18px\u00a0\u00bb header_font_size_last_edited=\u00a0\u00bbon|phone\u00a0\u00bb body_text_align_tablet=\u00a0\u00bb\u00a0\u00bb body_text_align_phone=\u00a0\u00bbcenter\u00a0\u00bb body_text_align_last_edited=\u00a0\u00bbon|phone\u00a0\u00bb global_colors_info=\u00a0\u00bb{}\u00a0\u00bb sticky_enabled=\u00a0\u00bb0&Prime;]<\/p>\n<p style=\"text-align: center;\">Membre de la Soci\u00e9t\u00e9 Am\u00e9ricaine des Chirurgiens Plasticiens<\/p>\n<p>[\/et_pb_blurb][\/et_pb_column][\/et_pb_row][et_pb_row column_structure=\u00a0\u00bb1_3,1_3,1_3&Prime; use_custom_gutter=\u00a0\u00bbon\u00a0\u00bb gutter_width=\u00a0\u00bb2&Prime; custom_padding_last_edited=\u00a0\u00bbon|phone\u00a0\u00bb module_class=\u00a0\u00bbWork-excp-row\u00a0\u00bb _builder_version=\u00a0\u00bb4.17.4&Prime; _module_preset=\u00a0\u00bbdefault\u00a0\u00bb custom_padding_tablet=\u00a0\u00bb\u00a0\u00bb custom_padding_phone=\u00a0\u00bb0px||||false|false\u00a0\u00bb global_colors_info=\u00a0\u00bb{}\u00a0\u00bb][et_pb_column type=\u00a0\u00bb1_3&Prime; _builder_version=\u00a0\u00bb4.20.0&Prime; _module_preset=\u00a0\u00bbdefault\u00a0\u00bb global_colors_info=\u00a0\u00bb{}\u00a0\u00bb][et_pb_accordion _builder_version=\u00a0\u00bb4.21.0&Prime; _module_preset=\u00a0\u00bbdefault\u00a0\u00bb hover_enabled=\u00a0\u00bb0&Prime; global_colors_info=\u00a0\u00bb{}\u00a0\u00bb sticky_enabled=\u00a0\u00bb0&Prime;][et_pb_accordion_item open=\u00a0\u00bbon\u00a0\u00bb _builder_version=\u00a0\u00bb4.21.0&Prime; _module_preset=\u00a0\u00bbdefault\u00a0\u00bb hover_enabled=\u00a0\u00bb0&Prime; global_colors_info=\u00a0\u00bb{}\u00a0\u00bb sticky_enabled=\u00a0\u00bb0&Prime;]<\/p>\n<p style=\"text-align: center;\">Professeur Adjoint de Chirurgie &#8211; Universit\u00e9 McGill<\/p>\n<p style=\"text-align: center;\">1996-2023<\/p>\n<p>[\/et_pb_accordion_item][\/et_pb_accordion][\/et_pb_column][et_pb_column type=\u00a0\u00bb1_3&Prime; _builder_version=\u00a0\u00bb4.16&Prime; _module_preset=\u00a0\u00bbdefault\u00a0\u00bb background_color=\u00a0\u00bb#FFFFFF\u00a0\u00bb custom_padding=\u00a0\u00bb35px|20px|35px|20px|true|true\u00a0\u00bb box_shadow_style=\u00a0\u00bbpreset2&Prime; box_shadow_color=\u00a0\u00bbrgba(0,0,0,0.1)\u00a0\u00bb global_colors_info=\u00a0\u00bb{}\u00a0\u00bb][et_pb_text _builder_version=\u00a0\u00bb4.21.0&Prime; _module_preset=\u00a0\u00bbdefault\u00a0\u00bb hover_enabled=\u00a0\u00bb0&Prime; global_colors_info=\u00a0\u00bb{}\u00a0\u00bb sticky_enabled=\u00a0\u00bb0&Prime;]<\/p>\n<p style=\"text-align: center;\">Expert M\u00e9dical \u00e0 l&rsquo;Agence Canadienne de Protection M\u00e9dicale<\/p>\n<p>[\/et_pb_text][\/et_pb_column][et_pb_column type=\u00a0\u00bb1_3&Prime; _builder_version=\u00a0\u00bb4.16&Prime; _module_preset=\u00a0\u00bbdefault\u00a0\u00bb background_color=\u00a0\u00bb#FFFFFF\u00a0\u00bb custom_padding=\u00a0\u00bb35px|20px|35px|20px|true|true\u00a0\u00bb box_shadow_style=\u00a0\u00bbpreset2&Prime; box_shadow_color=\u00a0\u00bbrgba(0,0,0,0.1)\u00a0\u00bb global_colors_info=\u00a0\u00bb{}\u00a0\u00bb][et_pb_text _builder_version=\u00a0\u00bb4.21.0&Prime; _module_preset=\u00a0\u00bbdefault\u00a0\u00bb hover_enabled=\u00a0\u00bb0&Prime; global_colors_info=\u00a0\u00bb{}\u00a0\u00bb sticky_enabled=\u00a0\u00bb0&Prime;]<\/p>\n<p style=\"text-align: center;\">Vice-Pr\u00e9sident du Jury d&rsquo;examen de Chirurgie Plastique au Canada<\/p>\n<p>[\/et_pb_text][\/et_pb_column][\/et_pb_row][\/et_pb_section]<\/p>\n","protected":false},"excerpt":{"rendered":"<p>\u00c0 propos du Dr ZadehN\u00e9 \u00e0 T\u00e9h\u00e9ran, en Iran, le Dr Teanoosh Zadeh a d&rsquo;abord pass\u00e9 sa jeunesse en Angleterre avant d&rsquo;\u00e9migrer avec ses parents au Qu\u00e9bec.Formation chirurgicaleIl a ensuite termin\u00e9 ses \u00e9tudes de m\u00e9decine \u00e0 l&rsquo;Universit\u00e9 Laval, \u00e0 Qu\u00e9bec. \u00c0 l&rsquo;\u00e2ge de 21 ans, il est devenu m\u00e9decin. Par la suite, le Dr Zadeh [&hellip;]<\/p>\n","protected":false},"author":4,"featured_media":0,"parent":0,"menu_order":0,"comment_status":"closed","ping_status":"closed","template":"","meta":{"_et_pb_use_builder":"on","_et_pb_old_content":"","_et_gb_content_width":"","footnotes":""},"class_list":["post-626","page","type-page","status-publish","hentry"],"yoast_head":"<!-- This site is optimized with the Yoast SEO plugin v25.7 - https:\/\/yoast.com\/wordpress\/plugins\/seo\/ -->\n<title>Dr. Zadeh - Hand Surgery Montreal<\/title>\n<meta name=\"robots\" content=\"index, follow, max-snippet:-1, max-image-preview:large, max-video-preview:-1\" \/>\n<link rel=\"canonical\" href=\"https:\/\/hand-surgerymontreal.com\/dr-zadeh\/\" \/>\n<meta property=\"og:locale\" content=\"fr_FR\" \/>\n<meta property=\"og:type\" content=\"article\" \/>\n<meta property=\"og:title\" content=\"Dr. Zadeh - Hand Surgery Montreal\" \/>\n<meta property=\"og:description\" content=\"\u00c0 propos du Dr ZadehN\u00e9 \u00e0 T\u00e9h\u00e9ran, en Iran, le Dr Teanoosh Zadeh a d&#039;abord pass\u00e9 sa jeunesse en Angleterre avant d&#039;\u00e9migrer avec ses parents au Qu\u00e9bec.Formation chirurgicaleIl a ensuite termin\u00e9 ses \u00e9tudes de m\u00e9decine \u00e0 l&#039;Universit\u00e9 Laval, \u00e0 Qu\u00e9bec. \u00c0 l&#039;\u00e2ge de 21 ans, il est devenu m\u00e9decin. Par la suite, le Dr Zadeh [&hellip;]\" \/>\n<meta property=\"og:url\" content=\"https:\/\/hand-surgerymontreal.com\/dr-zadeh\/\" \/>\n<meta property=\"og:site_name\" content=\"Hand Surgery Montreal\" \/>\n<meta property=\"article:modified_time\" content=\"2023-09-15T18:53:49+00:00\" \/>\n<meta name=\"twitter:card\" content=\"summary_large_image\" \/>\n<meta name=\"twitter:label1\" content=\"Dur\u00e9e de lecture estim\u00e9e\" \/>\n\t<meta name=\"twitter:data1\" content=\"3 minutes\" \/>\n<script type=\"application\/ld+json\" class=\"yoast-schema-graph\">{\"@context\":\"https:\/\/schema.org\",\"@graph\":[{\"@type\":\"WebPage\",\"@id\":\"https:\/\/hand-surgerymontreal.com\/dr-zadeh\/\",\"url\":\"https:\/\/hand-surgerymontreal.com\/dr-zadeh\/\",\"name\":\"Dr. Zadeh - Hand Surgery Montreal\",\"isPartOf\":{\"@id\":\"https:\/\/hand-surgerymontreal.com\/#website\"},\"datePublished\":\"2023-06-09T03:56:51+00:00\",\"dateModified\":\"2023-09-15T18:53:49+00:00\",\"breadcrumb\":{\"@id\":\"https:\/\/hand-surgerymontreal.com\/dr-zadeh\/#breadcrumb\"},\"inLanguage\":\"fr-FR\",\"potentialAction\":[{\"@type\":\"ReadAction\",\"target\":[\"https:\/\/hand-surgerymontreal.com\/dr-zadeh\/\"]}]},{\"@type\":\"BreadcrumbList\",\"@id\":\"https:\/\/hand-surgerymontreal.com\/dr-zadeh\/#breadcrumb\",\"itemListElement\":[{\"@type\":\"ListItem\",\"position\":1,\"name\":\"Home\",\"item\":\"https:\/\/hand-surgerymontreal.com\/fr\/\"},{\"@type\":\"ListItem\",\"position\":2,\"name\":\"Dr. Zadeh\"}]},{\"@type\":\"WebSite\",\"@id\":\"https:\/\/hand-surgerymontreal.com\/#website\",\"url\":\"https:\/\/hand-surgerymontreal.com\/\",\"name\":\"Hand Surgery Montreal\",\"description\":\"Montreal Hand Surgeon\",\"publisher\":{\"@id\":\"https:\/\/hand-surgerymontreal.com\/#organization\"},\"potentialAction\":[{\"@type\":\"SearchAction\",\"target\":{\"@type\":\"EntryPoint\",\"urlTemplate\":\"https:\/\/hand-surgerymontreal.com\/?s={search_term_string}\"},\"query-input\":{\"@type\":\"PropertyValueSpecification\",\"valueRequired\":true,\"valueName\":\"search_term_string\"}}],\"inLanguage\":\"fr-FR\"},{\"@type\":\"Organization\",\"@id\":\"https:\/\/hand-surgerymontreal.com\/#organization\",\"name\":\"Hand Surgery Montreal\",\"url\":\"https:\/\/hand-surgerymontreal.com\/\",\"logo\":{\"@type\":\"ImageObject\",\"inLanguage\":\"fr-FR\",\"@id\":\"https:\/\/hand-surgerymontreal.com\/#\/schema\/logo\/image\/\",\"url\":\"https:\/\/hand-surgerymontreal.com\/wp-content\/uploads\/2023\/06\/Hand-Logo-2.png\",\"contentUrl\":\"https:\/\/hand-surgerymontreal.com\/wp-content\/uploads\/2023\/06\/Hand-Logo-2.png\",\"width\":424,\"height\":116,\"caption\":\"Hand Surgery Montreal\"},\"image\":{\"@id\":\"https:\/\/hand-surgerymontreal.com\/#\/schema\/logo\/image\/\"}}]}<\/script>\n<!-- \/ Yoast SEO plugin. -->","yoast_head_json":{"title":"Dr. Zadeh - Hand Surgery Montreal","robots":{"index":"index","follow":"follow","max-snippet":"max-snippet:-1","max-image-preview":"max-image-preview:large","max-video-preview":"max-video-preview:-1"},"canonical":"https:\/\/hand-surgerymontreal.com\/dr-zadeh\/","og_locale":"fr_FR","og_type":"article","og_title":"Dr. Zadeh - Hand Surgery Montreal","og_description":"\u00c0 propos du Dr ZadehN\u00e9 \u00e0 T\u00e9h\u00e9ran, en Iran, le Dr Teanoosh Zadeh a d'abord pass\u00e9 sa jeunesse en Angleterre avant d'\u00e9migrer avec ses parents au Qu\u00e9bec.Formation chirurgicaleIl a ensuite termin\u00e9 ses \u00e9tudes de m\u00e9decine \u00e0 l'Universit\u00e9 Laval, \u00e0 Qu\u00e9bec. \u00c0 l'\u00e2ge de 21 ans, il est devenu m\u00e9decin. Par la suite, le Dr Zadeh [&hellip;]","og_url":"https:\/\/hand-surgerymontreal.com\/dr-zadeh\/","og_site_name":"Hand Surgery Montreal","article_modified_time":"2023-09-15T18:53:49+00:00","twitter_card":"summary_large_image","twitter_misc":{"Dur\u00e9e de lecture estim\u00e9e":"3 minutes"},"schema":{"@context":"https:\/\/schema.org","@graph":[{"@type":"WebPage","@id":"https:\/\/hand-surgerymontreal.com\/dr-zadeh\/","url":"https:\/\/hand-surgerymontreal.com\/dr-zadeh\/","name":"Dr. Zadeh - Hand Surgery Montreal","isPartOf":{"@id":"https:\/\/hand-surgerymontreal.com\/#website"},"datePublished":"2023-06-09T03:56:51+00:00","dateModified":"2023-09-15T18:53:49+00:00","breadcrumb":{"@id":"https:\/\/hand-surgerymontreal.com\/dr-zadeh\/#breadcrumb"},"inLanguage":"fr-FR","potentialAction":[{"@type":"ReadAction","target":["https:\/\/hand-surgerymontreal.com\/dr-zadeh\/"]}]},{"@type":"BreadcrumbList","@id":"https:\/\/hand-surgerymontreal.com\/dr-zadeh\/#breadcrumb","itemListElement":[{"@type":"ListItem","position":1,"name":"Home","item":"https:\/\/hand-surgerymontreal.com\/fr\/"},{"@type":"ListItem","position":2,"name":"Dr. Zadeh"}]},{"@type":"WebSite","@id":"https:\/\/hand-surgerymontreal.com\/#website","url":"https:\/\/hand-surgerymontreal.com\/","name":"Hand Surgery Montreal","description":"Montreal Hand Surgeon","publisher":{"@id":"https:\/\/hand-surgerymontreal.com\/#organization"},"potentialAction":[{"@type":"SearchAction","target":{"@type":"EntryPoint","urlTemplate":"https:\/\/hand-surgerymontreal.com\/?s={search_term_string}"},"query-input":{"@type":"PropertyValueSpecification","valueRequired":true,"valueName":"search_term_string"}}],"inLanguage":"fr-FR"},{"@type":"Organization","@id":"https:\/\/hand-surgerymontreal.com\/#organization","name":"Hand Surgery Montreal","url":"https:\/\/hand-surgerymontreal.com\/","logo":{"@type":"ImageObject","inLanguage":"fr-FR","@id":"https:\/\/hand-surgerymontreal.com\/#\/schema\/logo\/image\/","url":"https:\/\/hand-surgerymontreal.com\/wp-content\/uploads\/2023\/06\/Hand-Logo-2.png","contentUrl":"https:\/\/hand-surgerymontreal.com\/wp-content\/uploads\/2023\/06\/Hand-Logo-2.png","width":424,"height":116,"caption":"Hand Surgery Montreal"},"image":{"@id":"https:\/\/hand-surgerymontreal.com\/#\/schema\/logo\/image\/"}}]}},"_links":{"self":[{"href":"https:\/\/hand-surgerymontreal.com\/fr\/wp-json\/wp\/v2\/pages\/626","targetHints":{"allow":["GET"]}}],"collection":[{"href":"https:\/\/hand-surgerymontreal.com\/fr\/wp-json\/wp\/v2\/pages"}],"about":[{"href":"https:\/\/hand-surgerymontreal.com\/fr\/wp-json\/wp\/v2\/types\/page"}],"author":[{"embeddable":true,"href":"https:\/\/hand-surgerymontreal.com\/fr\/wp-json\/wp\/v2\/users\/4"}],"replies":[{"embeddable":true,"href":"https:\/\/hand-surgerymontreal.com\/fr\/wp-json\/wp\/v2\/comments?post=626"}],"version-history":[{"count":15,"href":"https:\/\/hand-surgerymontreal.com\/fr\/wp-json\/wp\/v2\/pages\/626\/revisions"}],"predecessor-version":[{"id":5833,"href":"https:\/\/hand-surgerymontreal.com\/fr\/wp-json\/wp\/v2\/pages\/626\/revisions\/5833"}],"wp:attachment":[{"href":"https:\/\/hand-surgerymontreal.com\/fr\/wp-json\/wp\/v2\/media?parent=626"}],"curies":[{"name":"wp","href":"https:\/\/api.w.org\/{rel}","templated":true}]}}