{"id":625,"date":"2023-06-09T04:59:50","date_gmt":"2023-06-09T04:59:50","guid":{"rendered":"https:\/\/hand-surgerymontreal.com\/clinique-t\/"},"modified":"2023-06-29T13:44:30","modified_gmt":"2023-06-29T13:44:30","slug":"clinique-t","status":"publish","type":"page","link":"https:\/\/hand-surgerymontreal.com\/fr\/clinique-t\/","title":{"rendered":"Clinique T"},"content":{"rendered":"<p>[et_pb_section fb_built=\u00a0\u00bb1&Prime; fullwidth=\u00a0\u00bbon\u00a0\u00bb admin_label=\u00a0\u00bbHero Section\u00a0\u00bb _builder_version=\u00a0\u00bb4.21.0&Prime; _module_preset=\u00a0\u00bbdefault\u00a0\u00bb background_image=\u00a0\u00bbhttps:\/\/hand-surgerymontreal.com\/wp-content\/uploads\/2023\/06\/Clinique-6.jpg\u00a0\u00bb custom_margin=\u00a0\u00bb||-60px||false|false\u00a0\u00bb locked=\u00a0\u00bboff\u00a0\u00bb global_colors_info=\u00a0\u00bb{}\u00a0\u00bb][et_pb_fullwidth_header _builder_version=\u00a0\u00bb4.21.0&Prime; _module_preset=\u00a0\u00bbdefault\u00a0\u00bb title_font=\u00a0\u00bbPoppins|300|||||||\u00a0\u00bb title_text_color=\u00a0\u00bb#FFFFFF\u00a0\u00bb title_font_size=\u00a0\u00bb60px\u00a0\u00bb title_line_height=\u00a0\u00bb1.2em\u00a0\u00bb subhead_font=\u00a0\u00bb||||||||\u00a0\u00bb subhead_font_size=\u00a0\u00bb24px\u00a0\u00bb subhead_letter_spacing=\u00a0\u00bb4px\u00a0\u00bb background_color=\u00a0\u00bbrgba(0,0,0,0.27)\u00a0\u00bb background_image=\u00a0\u00bbhttps:\/\/hand-surgerymontreal.com\/wp-content\/uploads\/2023\/06\/Clinique-6.jpg\u00a0\u00bb background_blend=\u00a0\u00bboverlay\u00a0\u00bb custom_button_one=\u00a0\u00bbon\u00a0\u00bb button_one_text_size=\u00a0\u00bb16px\u00a0\u00bb button_one_bg_color=\u00a0\u00bb#83c8e4&Prime; button_one_border_color=\u00a0\u00bb#83c8e4&Prime; button_one_font=\u00a0\u00bbPoppins||||||||\u00a0\u00bb custom_padding=\u00a0\u00bb250px||350px||false|false\u00a0\u00bb custom_padding_tablet=\u00a0\u00bb250px||350px||false|false\u00a0\u00bb custom_padding_phone=\u00a0\u00bb150px||150px||false|false\u00a0\u00bb custom_padding_last_edited=\u00a0\u00bbon|phone\u00a0\u00bb custom_css_main_element=\u00a0\u00bbdisplay:flex;\u00a0\u00bb global_colors_info=\u00a0\u00bb{}\u00a0\u00bb][\/et_pb_fullwidth_header][\/et_pb_section][et_pb_section fb_built=\u00a0\u00bb1&Prime; _builder_version=\u00a0\u00bb4.21.0&Prime; _module_preset=\u00a0\u00bbdefault\u00a0\u00bb background_color=\u00a0\u00bbgcid-0cacf7a1-ee63-492d-bd8a-12d22d4d4e4e\u00a0\u00bb z_index=\u00a0\u00bb9999&Prime; custom_padding=\u00a0\u00bb0px||||false|false\u00a0\u00bb hover_enabled=\u00a0\u00bb0&Prime; global_colors_info=\u00a0\u00bb{%22gcid-0cacf7a1-ee63-492d-bd8a-12d22d4d4e4e%22:%91%22background_color%22%93}\u00a0\u00bb sticky_enabled=\u00a0\u00bb0&Prime;][et_pb_row custom_padding_last_edited=\u00a0\u00bbon|phone\u00a0\u00bb _builder_version=\u00a0\u00bb4.17.4&Prime; _module_preset=\u00a0\u00bbdefault\u00a0\u00bb background_color=\u00a0\u00bb#FFFFFF\u00a0\u00bb custom_margin=\u00a0\u00bb-60px||||false|false\u00a0\u00bb custom_margin_tablet=\u00a0\u00bb-60px||||false|false\u00a0\u00bb custom_margin_phone=\u00a0\u00bb-60px||||false|false\u00a0\u00bb custom_margin_last_edited=\u00a0\u00bbon|desktop\u00a0\u00bb custom_padding=\u00a0\u00bb50px|30px|50px|30px|true|true\u00a0\u00bb custom_padding_tablet=\u00a0\u00bb50px|30px|50px|30px|true|true\u00a0\u00bb custom_padding_phone=\u00a0\u00bb40px|20px|40px|20px|true|true\u00a0\u00bb animation_style=\u00a0\u00bbslide\u00a0\u00bb animation_direction=\u00a0\u00bbbottom\u00a0\u00bb animation_intensity_slide=\u00a0\u00bb10%\u00a0\u00bb border_radii=\u00a0\u00bbon|10px|10px|10px|10px\u00a0\u00bb box_shadow_style=\u00a0\u00bbpreset1&Prime; box_shadow_vertical=\u00a0\u00bb10px\u00a0\u00bb box_shadow_blur=\u00a0\u00bb31px\u00a0\u00bb box_shadow_color=\u00a0\u00bbrgba(0,0,0,0.05)\u00a0\u00bb global_colors_info=\u00a0\u00bb{}\u00a0\u00bb][et_pb_column type=\u00a0\u00bb4_4&Prime; _builder_version=\u00a0\u00bb4.16&Prime; _module_preset=\u00a0\u00bbdefault\u00a0\u00bb global_colors_info=\u00a0\u00bb{}\u00a0\u00bb][et_pb_text _builder_version=\u00a0\u00bb4.21.0&Prime; _module_preset=\u00a0\u00bbdefault\u00a0\u00bb header_text_color=\u00a0\u00bbgcid-5f7becaa-db42-4a27-923f-406088f8cb05&Prime; header_2_font=\u00a0\u00bbPoppins|200||on|||||\u00a0\u00bb header_2_text_align=\u00a0\u00bbcenter\u00a0\u00bb header_2_text_color=\u00a0\u00bb#444444&Prime; header_2_font_size=\u00a0\u00bb32px\u00a0\u00bb header_2_letter_spacing=\u00a0\u00bb2px\u00a0\u00bb header_3_text_align=\u00a0\u00bbcenter\u00a0\u00bb header_3_text_color=\u00a0\u00bbgcid-5f7becaa-db42-4a27-923f-406088f8cb05&Prime; header_3_font_size=\u00a0\u00bb54px\u00a0\u00bb custom_margin=\u00a0\u00bb||10px||false|false\u00a0\u00bb header_2_font_size_tablet=\u00a0\u00bb30px\u00a0\u00bb header_2_font_size_phone=\u00a0\u00bb25px\u00a0\u00bb header_2_font_size_last_edited=\u00a0\u00bbon|phone\u00a0\u00bb header_3_font_size_tablet=\u00a0\u00bb54px\u00a0\u00bb header_3_font_size_phone=\u00a0\u00bb32px\u00a0\u00bb header_3_font_size_last_edited=\u00a0\u00bbon|phone\u00a0\u00bb header_3_line_height_tablet=\u00a0\u00bb\u00a0\u00bb header_3_line_height_phone=\u00a0\u00bb1.3em\u00a0\u00bb header_3_line_height_last_edited=\u00a0\u00bbon|phone\u00a0\u00bb global_colors_info=\u00a0\u00bb{%22gcid-5f7becaa-db42-4a27-923f-406088f8cb05%22:%91%22header_text_color%22,%22header_3_text_color%22%93}\u00a0\u00bb]<\/p>\n<h3>Une clinique priv\u00e9e de la main\u00a0<\/h3>\n<p>[\/et_pb_text][et_pb_text _builder_version=\u00a0\u00bb4.21.0&Prime; _module_preset=\u00a0\u00bbdefault\u00a0\u00bb text_orientation=\u00a0\u00bbcenter\u00a0\u00bb max_width=\u00a0\u00bb80%\u00a0\u00bb max_width_tablet=\u00a0\u00bb80%\u00a0\u00bb max_width_phone=\u00a0\u00bb90%\u00a0\u00bb max_width_last_edited=\u00a0\u00bbon|phone\u00a0\u00bb module_alignment=\u00a0\u00bbcenter\u00a0\u00bb global_colors_info=\u00a0\u00bb{}\u00a0\u00bb]<\/p>\n<p>Au Centre de la main de Montr\u00e9al, notre sp\u00e9cialiste en chirurgie des extr\u00e9mit\u00e9s sup\u00e9rieures, le Dr Zadeh, comprend l&rsquo;importance de la fonctionnalit\u00e9 des mains pour votre qualit\u00e9 de vie. C&rsquo;est pourquoi nous accordons la priorit\u00e9 \u00e0 l&rsquo;attention personnelle, \u00e0 la compassion, \u00e0 la s\u00e9curit\u00e9 et aux r\u00e9sultats. Nous pensons que l&rsquo;excellence peut \u00eatre atteinte \u00e0 chaque \u00e9tape du processus, et nous aimerions commencer par vous offrir une ressource en ligne utile sur les derni\u00e8res proc\u00e9dures con\u00e7ues pour restaurer la sant\u00e9 et la mobilit\u00e9 de vos mains. Parcourez notre site Web pour trouver un large \u00e9ventail d&rsquo;informations sur le Dr Zadeh, sur notre cabinet de pointe, sur les options de traitement avanc\u00e9es, et bien plus encore. Des soins exceptionnels sont notre norme, et nous sommes impatients de vous aider \u00e0 prosp\u00e9rer.<\/p>\n<p>[\/et_pb_text][et_pb_button button_url=\u00a0\u00bbhttps:\/\/drtzadeh.janeapp.com\/\u00a0\u00bb url_new_window=\u00a0\u00bbon\u00a0\u00bb button_text=\u00a0\u00bbR\u00e9server une consultation\u00a0\u00bb button_alignment=\u00a0\u00bbcenter\u00a0\u00bb _builder_version=\u00a0\u00bb4.21.0&Prime; _module_preset=\u00a0\u00bbdefault\u00a0\u00bb button_icon=\u00a0\u00bb&#x35;||divi||400&Prime; custom_padding=\u00a0\u00bb7px|40px|7px|40px|true|true\u00a0\u00bb button_text_size_last_edited=\u00a0\u00bboff|desktop\u00a0\u00bb locked=\u00a0\u00bboff\u00a0\u00bb global_colors_info=\u00a0\u00bb{%22gcid-d3fa6e08-41a0-49d7-a5a9-053dfa9264af%22:%91%22button_border_color%22,%22button_bg_color%22%93}\u00a0\u00bb transform_styles__hover_enabled=\u00a0\u00bbon|hover\u00a0\u00bb transform_scale__hover_enabled=\u00a0\u00bbon|hover\u00a0\u00bb transform_translate__hover_enabled=\u00a0\u00bbon|desktop\u00a0\u00bb transform_rotate__hover_enabled=\u00a0\u00bbon|desktop\u00a0\u00bb transform_skew__hover_enabled=\u00a0\u00bbon|desktop\u00a0\u00bb transform_origin__hover_enabled=\u00a0\u00bbon|desktop\u00a0\u00bb button_text_size__hover_enabled=\u00a0\u00bbon|desktop\u00a0\u00bb button_text_size__hover=\u00a0\u00bb16px\u00a0\u00bb transform_scale__hover=\u00a0\u00bb110%|110%\u00a0\u00bb][\/et_pb_button][\/et_pb_column][\/et_pb_row][\/et_pb_section][et_pb_section fb_built=\u00a0\u00bb1&Prime; custom_padding_last_edited=\u00a0\u00bbon|phone\u00a0\u00bb _builder_version=\u00a0\u00bb4.21.0&Prime; _module_preset=\u00a0\u00bbdefault\u00a0\u00bb background_color=\u00a0\u00bbrgba(56,150,204,0.24)\u00a0\u00bb custom_padding=\u00a0\u00bb||||false|false\u00a0\u00bb custom_padding_tablet=\u00a0\u00bb||||false|false\u00a0\u00bb custom_padding_phone=\u00a0\u00bb30px||||false|false\u00a0\u00bb border_color_top=\u00a0\u00bb#eeeeee\u00a0\u00bb locked=\u00a0\u00bboff\u00a0\u00bb global_colors_info=\u00a0\u00bb{%22gcid-67073b55-63ba-4f75-b2ce-fe88022882be%22:%91%22background_color%22%93}\u00a0\u00bb][et_pb_row column_structure=\u00a0\u00bb1_3,1_3,1_3&Prime; use_custom_gutter=\u00a0\u00bbon\u00a0\u00bb gutter_width=\u00a0\u00bb1&Prime; make_equal=\u00a0\u00bbon\u00a0\u00bb module_id=\u00a0\u00bbservice-row\u00a0\u00bb module_class=\u00a0\u00bbservices\u00a0\u00bb _builder_version=\u00a0\u00bb4.21.0&Prime; _module_preset=\u00a0\u00bbdefault\u00a0\u00bb custom_padding=\u00a0\u00bb40px||0px||false|false\u00a0\u00bb locked=\u00a0\u00bboff\u00a0\u00bb global_colors_info=\u00a0\u00bb{}\u00a0\u00bb][et_pb_column type=\u00a0\u00bb1_3&Prime; _builder_version=\u00a0\u00bb4.21.0&Prime; _module_preset=\u00a0\u00bbdefault\u00a0\u00bb background_color=\u00a0\u00bbrgba(0,0,0,0.35)\u00a0\u00bb background_image=\u00a0\u00bbhttps:\/\/hand-surgerymontreal.com\/wp-content\/uploads\/2023\/06\/295550944_750276509576581_7462769179725385393_n.jpg\u00a0\u00bb background_blend=\u00a0\u00bboverlay\u00a0\u00bb custom_padding=\u00a0\u00bb100px|20px|100px|20px|true|true\u00a0\u00bb custom_padding_tablet=\u00a0\u00bb||||true|true\u00a0\u00bb custom_padding_last_edited=\u00a0\u00bboff|tablet\u00a0\u00bb custom_css_main_element=\u00a0\u00bbmargin: 5px !important;||display: flex;||align-items: center;||justify-content: center;\u00a0\u00bb box_shadow_style=\u00a0\u00bbpreset2&Prime; box_shadow_color=\u00a0\u00bbrgba(0,0,0,0.1)\u00a0\u00bb global_colors_info=\u00a0\u00bb{}\u00a0\u00bb][et_pb_blurb title=\u00a0\u00bbDr. zadeh\u00a0\u00bb use_icon=\u00a0\u00bbon\u00a0\u00bb image_icon_width=\u00a0\u00bb80px\u00a0\u00bb content_max_width=\u00a0\u00bb100%\u00a0\u00bb _builder_version=\u00a0\u00bb4.21.0&Prime; _module_preset=\u00a0\u00bbdefault\u00a0\u00bb header_level=\u00a0\u00bbh6&Prime; header_font=\u00a0\u00bb||||||||\u00a0\u00bb header_text_align=\u00a0\u00bbcenter\u00a0\u00bb header_text_color=\u00a0\u00bb#FFFFFF\u00a0\u00bb header_font_size=\u00a0\u00bb20px\u00a0\u00bb header_line_height=\u00a0\u00bb1.2em\u00a0\u00bb body_font=\u00a0\u00bbPoppins|300||on|||||\u00a0\u00bb body_text_color=\u00a0\u00bb#FFFFFF\u00a0\u00bb body_font_size=\u00a0\u00bb16px\u00a0\u00bb body_letter_spacing=\u00a0\u00bb1px\u00a0\u00bb text_orientation=\u00a0\u00bbcenter\u00a0\u00bb background_layout=\u00a0\u00bbdark\u00a0\u00bb custom_margin=\u00a0\u00bb||0px||false|false\u00a0\u00bb animation=\u00a0\u00bboff\u00a0\u00bb header_font_size_tablet=\u00a0\u00bb20px\u00a0\u00bb header_font_size_phone=\u00a0\u00bb18px\u00a0\u00bb header_font_size_last_edited=\u00a0\u00bbon|phone\u00a0\u00bb global_colors_info=\u00a0\u00bb{}\u00a0\u00bb][\/et_pb_blurb][\/et_pb_column][et_pb_column type=\u00a0\u00bb1_3&Prime; _builder_version=\u00a0\u00bb4.21.0&Prime; _module_preset=\u00a0\u00bbdefault\u00a0\u00bb background_color=\u00a0\u00bbrgba(0,0,0,0.35)\u00a0\u00bb background_image=\u00a0\u00bbhttps:\/\/hand-surgerymontreal.com\/wp-content\/uploads\/2023\/06\/Clinique-5.jpg\u00a0\u00bb background_blend=\u00a0\u00bboverlay\u00a0\u00bb custom_padding=\u00a0\u00bb100px|20px|100px|20px|true|true\u00a0\u00bb custom_css_main_element=\u00a0\u00bbmargin: 5px !important;||display: flex;||align-items: center;||justify-content: center;\u00a0\u00bb box_shadow_style=\u00a0\u00bbpreset2&Prime; box_shadow_color=\u00a0\u00bbrgba(0,0,0,0.1)\u00a0\u00bb global_colors_info=\u00a0\u00bb{}\u00a0\u00bb][et_pb_blurb title=\u00a0\u00bbServices de consultation\u00a0\u00bb use_icon=\u00a0\u00bbon\u00a0\u00bb image_icon_width=\u00a0\u00bb80px\u00a0\u00bb content_max_width=\u00a0\u00bb100%\u00a0\u00bb _builder_version=\u00a0\u00bb4.21.0&Prime; _module_preset=\u00a0\u00bbdefault\u00a0\u00bb header_level=\u00a0\u00bbh6&Prime; header_font=\u00a0\u00bb||||||||\u00a0\u00bb header_text_align=\u00a0\u00bbcenter\u00a0\u00bb header_text_color=\u00a0\u00bb#FFFFFF\u00a0\u00bb header_font_size=\u00a0\u00bb20px\u00a0\u00bb body_font=\u00a0\u00bbPoppins|300||on|||||\u00a0\u00bb body_text_color=\u00a0\u00bb#FFFFFF\u00a0\u00bb body_font_size=\u00a0\u00bb16px\u00a0\u00bb body_letter_spacing=\u00a0\u00bb1px\u00a0\u00bb text_orientation=\u00a0\u00bbcenter\u00a0\u00bb custom_margin=\u00a0\u00bb||0px||false|false\u00a0\u00bb animation=\u00a0\u00bboff\u00a0\u00bb header_font_size_tablet=\u00a0\u00bb20px\u00a0\u00bb header_font_size_phone=\u00a0\u00bb18px\u00a0\u00bb header_font_size_last_edited=\u00a0\u00bbon|phone\u00a0\u00bb global_colors_info=\u00a0\u00bb{}\u00a0\u00bb][\/et_pb_blurb][\/et_pb_column][et_pb_column type=\u00a0\u00bb1_3&Prime; _builder_version=\u00a0\u00bb4.21.0&Prime; _module_preset=\u00a0\u00bbdefault\u00a0\u00bb background_color=\u00a0\u00bbrgba(0,0,0,0.35)\u00a0\u00bb background_image=\u00a0\u00bbhttps:\/\/hand-surgerymontreal.com\/wp-content\/uploads\/2023\/06\/Clinique-4-1.jpg\u00a0\u00bb background_blend=\u00a0\u00bboverlay\u00a0\u00bb custom_padding=\u00a0\u00bb100px|20px|100px|20px|true|true\u00a0\u00bb custom_css_main_element=\u00a0\u00bbmargin: 5px !important;||display: flex;||align-items: center;||justify-content: center;\u00a0\u00bb box_shadow_style=\u00a0\u00bbpreset2&Prime; box_shadow_color=\u00a0\u00bbrgba(0,0,0,0.1)\u00a0\u00bb global_colors_info=\u00a0\u00bb{}\u00a0\u00bb][et_pb_blurb title=\u00a0\u00bbsalle de chirurgie mineure \u00a0\u00bb use_icon=\u00a0\u00bbon\u00a0\u00bb image_icon_width=\u00a0\u00bb80px\u00a0\u00bb content_max_width=\u00a0\u00bb100%\u00a0\u00bb _builder_version=\u00a0\u00bb4.21.0&Prime; _module_preset=\u00a0\u00bbdefault\u00a0\u00bb header_level=\u00a0\u00bbh6&Prime; header_font=\u00a0\u00bb||||||||\u00a0\u00bb header_text_align=\u00a0\u00bbcenter\u00a0\u00bb header_text_color=\u00a0\u00bb#FFFFFF\u00a0\u00bb header_font_size=\u00a0\u00bb20px\u00a0\u00bb body_font=\u00a0\u00bbPoppins|300||on|||||\u00a0\u00bb body_text_color=\u00a0\u00bb#FFFFFF\u00a0\u00bb body_font_size=\u00a0\u00bb16px\u00a0\u00bb body_letter_spacing=\u00a0\u00bb1px\u00a0\u00bb text_orientation=\u00a0\u00bbcenter\u00a0\u00bb custom_margin=\u00a0\u00bb||0px||false|false\u00a0\u00bb animation=\u00a0\u00bboff\u00a0\u00bb hover_enabled=\u00a0\u00bb0&Prime; header_font_size_tablet=\u00a0\u00bb20px\u00a0\u00bb header_font_size_phone=\u00a0\u00bb18px\u00a0\u00bb header_font_size_last_edited=\u00a0\u00bbon|phone\u00a0\u00bb global_colors_info=\u00a0\u00bb{}\u00a0\u00bb sticky_enabled=\u00a0\u00bb0&Prime;][\/et_pb_blurb][\/et_pb_column][\/et_pb_row][\/et_pb_section]<\/p>\n","protected":false},"excerpt":{"rendered":"<p>Une clinique priv\u00e9e de la main\u00a0Au Centre de la main de Montr\u00e9al, notre sp\u00e9cialiste en chirurgie des extr\u00e9mit\u00e9s sup\u00e9rieures, le Dr Zadeh, comprend l&rsquo;importance de la fonctionnalit\u00e9 des mains pour votre qualit\u00e9 de vie. C&rsquo;est pourquoi nous accordons la priorit\u00e9 \u00e0 l&rsquo;attention personnelle, \u00e0 la compassion, \u00e0 la s\u00e9curit\u00e9 et aux r\u00e9sultats. Nous pensons que [&hellip;]<\/p>\n","protected":false},"author":4,"featured_media":0,"parent":0,"menu_order":0,"comment_status":"closed","ping_status":"closed","template":"","meta":{"_et_pb_use_builder":"on","_et_pb_old_content":"","_et_gb_content_width":"","footnotes":""},"class_list":["post-625","page","type-page","status-publish","hentry"],"yoast_head":"<!-- This site is optimized with the Yoast SEO plugin v25.7 - https:\/\/yoast.com\/wordpress\/plugins\/seo\/ -->\n<title>Clinique T - Hand Surgery Montreal<\/title>\n<meta name=\"robots\" content=\"index, follow, max-snippet:-1, max-image-preview:large, max-video-preview:-1\" \/>\n<link rel=\"canonical\" href=\"https:\/\/hand-surgerymontreal.com\/clinique-dr-zadeh\/\" \/>\n<meta property=\"og:locale\" content=\"fr_FR\" \/>\n<meta property=\"og:type\" content=\"article\" \/>\n<meta property=\"og:title\" content=\"Clinique T - Hand Surgery Montreal\" \/>\n<meta property=\"og:description\" content=\"Une clinique priv\u00e9e de la main\u00a0Au Centre de la main de Montr\u00e9al, notre sp\u00e9cialiste en chirurgie des extr\u00e9mit\u00e9s sup\u00e9rieures, le Dr Zadeh, comprend l&#039;importance de la fonctionnalit\u00e9 des mains pour votre qualit\u00e9 de vie. C&#039;est pourquoi nous accordons la priorit\u00e9 \u00e0 l&#039;attention personnelle, \u00e0 la compassion, \u00e0 la s\u00e9curit\u00e9 et aux r\u00e9sultats. Nous pensons que [&hellip;]\" \/>\n<meta property=\"og:url\" content=\"https:\/\/hand-surgerymontreal.com\/clinique-dr-zadeh\/\" \/>\n<meta property=\"og:site_name\" content=\"Hand Surgery Montreal\" \/>\n<meta property=\"article:modified_time\" content=\"2023-06-29T13:44:30+00:00\" \/>\n<meta name=\"twitter:card\" content=\"summary_large_image\" \/>\n<meta name=\"twitter:label1\" content=\"Dur\u00e9e de lecture estim\u00e9e\" \/>\n\t<meta name=\"twitter:data1\" content=\"7 minutes\" \/>\n<script type=\"application\/ld+json\" class=\"yoast-schema-graph\">{\"@context\":\"https:\/\/schema.org\",\"@graph\":[{\"@type\":\"WebPage\",\"@id\":\"https:\/\/hand-surgerymontreal.com\/clinique-dr-zadeh\/\",\"url\":\"https:\/\/hand-surgerymontreal.com\/clinique-dr-zadeh\/\",\"name\":\"Clinique T - Hand Surgery Montreal\",\"isPartOf\":{\"@id\":\"https:\/\/hand-surgerymontreal.com\/#website\"},\"datePublished\":\"2023-06-09T04:59:50+00:00\",\"dateModified\":\"2023-06-29T13:44:30+00:00\",\"breadcrumb\":{\"@id\":\"https:\/\/hand-surgerymontreal.com\/clinique-dr-zadeh\/#breadcrumb\"},\"inLanguage\":\"fr-FR\",\"potentialAction\":[{\"@type\":\"ReadAction\",\"target\":[\"https:\/\/hand-surgerymontreal.com\/clinique-dr-zadeh\/\"]}]},{\"@type\":\"BreadcrumbList\",\"@id\":\"https:\/\/hand-surgerymontreal.com\/clinique-dr-zadeh\/#breadcrumb\",\"itemListElement\":[{\"@type\":\"ListItem\",\"position\":1,\"name\":\"Home\",\"item\":\"https:\/\/hand-surgerymontreal.com\/fr\/\"},{\"@type\":\"ListItem\",\"position\":2,\"name\":\"Clinique T\"}]},{\"@type\":\"WebSite\",\"@id\":\"https:\/\/hand-surgerymontreal.com\/#website\",\"url\":\"https:\/\/hand-surgerymontreal.com\/\",\"name\":\"Hand Surgery Montreal\",\"description\":\"Montreal Hand Surgeon\",\"publisher\":{\"@id\":\"https:\/\/hand-surgerymontreal.com\/#organization\"},\"potentialAction\":[{\"@type\":\"SearchAction\",\"target\":{\"@type\":\"EntryPoint\",\"urlTemplate\":\"https:\/\/hand-surgerymontreal.com\/?s={search_term_string}\"},\"query-input\":{\"@type\":\"PropertyValueSpecification\",\"valueRequired\":true,\"valueName\":\"search_term_string\"}}],\"inLanguage\":\"fr-FR\"},{\"@type\":\"Organization\",\"@id\":\"https:\/\/hand-surgerymontreal.com\/#organization\",\"name\":\"Hand Surgery Montreal\",\"url\":\"https:\/\/hand-surgerymontreal.com\/\",\"logo\":{\"@type\":\"ImageObject\",\"inLanguage\":\"fr-FR\",\"@id\":\"https:\/\/hand-surgerymontreal.com\/#\/schema\/logo\/image\/\",\"url\":\"https:\/\/hand-surgerymontreal.com\/wp-content\/uploads\/2023\/06\/Hand-Logo-2.png\",\"contentUrl\":\"https:\/\/hand-surgerymontreal.com\/wp-content\/uploads\/2023\/06\/Hand-Logo-2.png\",\"width\":424,\"height\":116,\"caption\":\"Hand Surgery Montreal\"},\"image\":{\"@id\":\"https:\/\/hand-surgerymontreal.com\/#\/schema\/logo\/image\/\"}}]}<\/script>\n<!-- \/ Yoast SEO plugin. -->","yoast_head_json":{"title":"Clinique T - Hand Surgery Montreal","robots":{"index":"index","follow":"follow","max-snippet":"max-snippet:-1","max-image-preview":"max-image-preview:large","max-video-preview":"max-video-preview:-1"},"canonical":"https:\/\/hand-surgerymontreal.com\/clinique-dr-zadeh\/","og_locale":"fr_FR","og_type":"article","og_title":"Clinique T - Hand Surgery Montreal","og_description":"Une clinique priv\u00e9e de la main\u00a0Au Centre de la main de Montr\u00e9al, notre sp\u00e9cialiste en chirurgie des extr\u00e9mit\u00e9s sup\u00e9rieures, le Dr Zadeh, comprend l'importance de la fonctionnalit\u00e9 des mains pour votre qualit\u00e9 de vie. C'est pourquoi nous accordons la priorit\u00e9 \u00e0 l'attention personnelle, \u00e0 la compassion, \u00e0 la s\u00e9curit\u00e9 et aux r\u00e9sultats. Nous pensons que [&hellip;]","og_url":"https:\/\/hand-surgerymontreal.com\/clinique-dr-zadeh\/","og_site_name":"Hand Surgery Montreal","article_modified_time":"2023-06-29T13:44:30+00:00","twitter_card":"summary_large_image","twitter_misc":{"Dur\u00e9e de lecture estim\u00e9e":"7 minutes"},"schema":{"@context":"https:\/\/schema.org","@graph":[{"@type":"WebPage","@id":"https:\/\/hand-surgerymontreal.com\/clinique-dr-zadeh\/","url":"https:\/\/hand-surgerymontreal.com\/clinique-dr-zadeh\/","name":"Clinique T - Hand Surgery Montreal","isPartOf":{"@id":"https:\/\/hand-surgerymontreal.com\/#website"},"datePublished":"2023-06-09T04:59:50+00:00","dateModified":"2023-06-29T13:44:30+00:00","breadcrumb":{"@id":"https:\/\/hand-surgerymontreal.com\/clinique-dr-zadeh\/#breadcrumb"},"inLanguage":"fr-FR","potentialAction":[{"@type":"ReadAction","target":["https:\/\/hand-surgerymontreal.com\/clinique-dr-zadeh\/"]}]},{"@type":"BreadcrumbList","@id":"https:\/\/hand-surgerymontreal.com\/clinique-dr-zadeh\/#breadcrumb","itemListElement":[{"@type":"ListItem","position":1,"name":"Home","item":"https:\/\/hand-surgerymontreal.com\/fr\/"},{"@type":"ListItem","position":2,"name":"Clinique T"}]},{"@type":"WebSite","@id":"https:\/\/hand-surgerymontreal.com\/#website","url":"https:\/\/hand-surgerymontreal.com\/","name":"Hand Surgery Montreal","description":"Montreal Hand Surgeon","publisher":{"@id":"https:\/\/hand-surgerymontreal.com\/#organization"},"potentialAction":[{"@type":"SearchAction","target":{"@type":"EntryPoint","urlTemplate":"https:\/\/hand-surgerymontreal.com\/?s={search_term_string}"},"query-input":{"@type":"PropertyValueSpecification","valueRequired":true,"valueName":"search_term_string"}}],"inLanguage":"fr-FR"},{"@type":"Organization","@id":"https:\/\/hand-surgerymontreal.com\/#organization","name":"Hand Surgery Montreal","url":"https:\/\/hand-surgerymontreal.com\/","logo":{"@type":"ImageObject","inLanguage":"fr-FR","@id":"https:\/\/hand-surgerymontreal.com\/#\/schema\/logo\/image\/","url":"https:\/\/hand-surgerymontreal.com\/wp-content\/uploads\/2023\/06\/Hand-Logo-2.png","contentUrl":"https:\/\/hand-surgerymontreal.com\/wp-content\/uploads\/2023\/06\/Hand-Logo-2.png","width":424,"height":116,"caption":"Hand Surgery Montreal"},"image":{"@id":"https:\/\/hand-surgerymontreal.com\/#\/schema\/logo\/image\/"}}]}},"_links":{"self":[{"href":"https:\/\/hand-surgerymontreal.com\/fr\/wp-json\/wp\/v2\/pages\/625","targetHints":{"allow":["GET"]}}],"collection":[{"href":"https:\/\/hand-surgerymontreal.com\/fr\/wp-json\/wp\/v2\/pages"}],"about":[{"href":"https:\/\/hand-surgerymontreal.com\/fr\/wp-json\/wp\/v2\/types\/page"}],"author":[{"embeddable":true,"href":"https:\/\/hand-surgerymontreal.com\/fr\/wp-json\/wp\/v2\/users\/4"}],"replies":[{"embeddable":true,"href":"https:\/\/hand-surgerymontreal.com\/fr\/wp-json\/wp\/v2\/comments?post=625"}],"version-history":[{"count":3,"href":"https:\/\/hand-surgerymontreal.com\/fr\/wp-json\/wp\/v2\/pages\/625\/revisions"}],"predecessor-version":[{"id":685,"href":"https:\/\/hand-surgerymontreal.com\/fr\/wp-json\/wp\/v2\/pages\/625\/revisions\/685"}],"wp:attachment":[{"href":"https:\/\/hand-surgerymontreal.com\/fr\/wp-json\/wp\/v2\/media?parent=625"}],"curies":[{"name":"wp","href":"https:\/\/api.w.org\/{rel}","templated":true}]}}